{"id":682,"date":"2026-02-22T14:59:09","date_gmt":"2026-02-22T14:59:09","guid":{"rendered":"https:\/\/lapsihoterapeut.ro\/?page_id=682"},"modified":"2026-02-22T15:19:12","modified_gmt":"2026-02-22T15:19:12","slug":"psihoterapie-individuala-de-cuplu-sau-de-familie","status":"publish","type":"page","link":"https:\/\/lapsihoterapeut.ro\/index.php\/psihoterapie-individuala-de-cuplu-sau-de-familie\/","title":{"rendered":"Psihoterapie individual\u0103, de cuplu sau de familie"},"content":{"rendered":"\n<p class=\"has-text-align-center has-medium-font-size\"><strong>Servicii oferite:<\/strong><\/p>\n\n\n\n<div id=\"wp-block-themeisle-blocks-advanced-columns-3a632c5b\" class=\"wp-block-themeisle-blocks-advanced-columns alignfull has-3-columns has-desktop-equal-layout has-tablet-equal-layout has-mobile-collapsedRows-layout has-vertical-top ticss-c00aadba\"><div class=\"wp-block-themeisle-blocks-advanced-columns-overlay\"><\/div><div class=\"innerblocks-wrap\">\n<div id=\"wp-block-themeisle-blocks-advanced-column-7ca824fc\" class=\"wp-block-themeisle-blocks-advanced-column\">\n<div class=\"wp-block-group\"><div class=\"wp-block-group__inner-container is-layout-flow wp-block-group-is-layout-flow\">\n<p class=\"has-text-align-center\">Psihoterapie personalizat\u0103 pentru tulbur\u0103ri de anxietate, depresie, stres, gestionarea rela\u021biilor sau dep\u0103\u0219irea pierderilor sau blocajelor<\/p>\n<\/div><\/div>\n<\/div>\n\n\n\n<div id=\"wp-block-themeisle-blocks-advanced-column-1a6a4a66\" class=\"wp-block-themeisle-blocks-advanced-column\">\n<div class=\"wp-block-group\"><div class=\"wp-block-group__inner-container is-layout-flow wp-block-group-is-layout-flow\">\n<p class=\"has-text-align-center\">Psihoterapie pentru stim\u0103 de sine sc\u0103zut\u0103, dificult\u0103\u021bi de identitate, dezechilibru emo\u021bional sau perioade de tranzi\u021bie \u0219i schimbare personal\u0103<\/p>\n<\/div><\/div>\n<\/div>\n\n\n\n<div id=\"wp-block-themeisle-blocks-advanced-column-9a8865f6\" class=\"wp-block-themeisle-blocks-advanced-column\">\n<div class=\"wp-block-group\"><div class=\"wp-block-group__inner-container is-layout-flow wp-block-group-is-layout-flow\">\n<p class=\"has-text-align-center\">Consiliere pre-marital\u0103 pentru clarificarea a\u0219tept\u0103rilor reciproce, prevenirea conflictelor \u0219i construirea unei baze emo\u021bionale solide pentru viitoarea via\u021b\u0103 de familie<\/p>\n<\/div><\/div>\n<\/div>\n<\/div><\/div>\n\n\n\n<div id=\"wp-block-themeisle-blocks-advanced-columns-5225982f\" class=\"wp-block-themeisle-blocks-advanced-columns alignfull has-3-columns has-desktop-equal-layout has-tablet-equal-layout has-mobile-collapsedRows-layout has-vertical-top ticss-c00aadba\"><div class=\"wp-block-themeisle-blocks-advanced-columns-overlay\"><\/div><div class=\"innerblocks-wrap\">\n<div id=\"wp-block-themeisle-blocks-advanced-column-8a247344\" class=\"wp-block-themeisle-blocks-advanced-column\">\n<div class=\"wp-block-group\"><div class=\"wp-block-group__inner-container is-layout-flow wp-block-group-is-layout-flow\">\n<p class=\"has-text-align-center\">Terapie de familie pentru consolidarea comunic\u0103rii, rela\u021bion\u0103rii, coeren\u021b\u0103 \u00een educa\u021bia copiilor, gestionarea emo\u021biilor<\/p>\n<\/div><\/div>\n<\/div>\n\n\n\n<div id=\"wp-block-themeisle-blocks-advanced-column-521658e0\" class=\"wp-block-themeisle-blocks-advanced-column\">\n<div class=\"wp-block-group\"><div class=\"wp-block-group__inner-container is-layout-flow wp-block-group-is-layout-flow\">\n<p class=\"has-text-align-center\">Mediere \u0219i terapie de cuplu pentru reconstruirea comunic\u0103rii, \u00eencrederii \u0219i intimit\u0103\u021bii sau pentru dep\u0103\u0219irea crizelor<\/p>\n<\/div><\/div>\n<\/div>\n\n\n\n<div id=\"wp-block-themeisle-blocks-advanced-column-8a37ad6f\" class=\"wp-block-themeisle-blocks-advanced-column\">\n<div class=\"wp-block-group\"><div class=\"wp-block-group__inner-container is-layout-flow wp-block-group-is-layout-flow\">\n<p class=\"has-text-align-center\">Psihoterapie pentru rela\u021bia p\u0103rinte-copil, gestionarea conflictelor, sus\u021binerea unei comunic\u0103ri s\u0103n\u0103toase \u0219i consolidarea ata\u0219amentului emotional<\/p>\n<\/div><\/div>\n<\/div>\n<\/div><\/div>\n","protected":false},"excerpt":{"rendered":"<p>Servicii oferite:<\/p>\n","protected":false},"author":1,"featured_media":0,"parent":0,"menu_order":0,"comment_status":"closed","ping_status":"closed","template":"","meta":{"_monsterinsights_skip_tracking":false,"_monsterinsights_sitenote_active":false,"_monsterinsights_sitenote_note":"","_monsterinsights_sitenote_category":0,"neve_meta_sidebar":"","neve_meta_container":"","neve_meta_enable_content_width":"","neve_meta_content_width":0,"neve_meta_title_alignment":"","neve_meta_author_avatar":"","neve_post_elements_order":"","neve_meta_disable_header":"","neve_meta_disable_footer":"","neve_meta_disable_title":"","_themeisle_gutenberg_block_has_review":false,"footnotes":""},"class_list":["post-682","page","type-page","status-publish","hentry"],"jetpack_sharing_enabled":true,"_links":{"self":[{"href":"https:\/\/lapsihoterapeut.ro\/index.php\/wp-json\/wp\/v2\/pages\/682","targetHints":{"allow":["GET"]}}],"collection":[{"href":"https:\/\/lapsihoterapeut.ro\/index.php\/wp-json\/wp\/v2\/pages"}],"about":[{"href":"https:\/\/lapsihoterapeut.ro\/index.php\/wp-json\/wp\/v2\/types\/page"}],"author":[{"embeddable":true,"href":"https:\/\/lapsihoterapeut.ro\/index.php\/wp-json\/wp\/v2\/users\/1"}],"replies":[{"embeddable":true,"href":"https:\/\/lapsihoterapeut.ro\/index.php\/wp-json\/wp\/v2\/comments?post=682"}],"version-history":[{"count":3,"href":"https:\/\/lapsihoterapeut.ro\/index.php\/wp-json\/wp\/v2\/pages\/682\/revisions"}],"predecessor-version":[{"id":688,"href":"https:\/\/lapsihoterapeut.ro\/index.php\/wp-json\/wp\/v2\/pages\/682\/revisions\/688"}],"wp:attachment":[{"href":"https:\/\/lapsihoterapeut.ro\/index.php\/wp-json\/wp\/v2\/media?parent=682"}],"curies":[{"name":"wp","href":"https:\/\/api.w.org\/{rel}","templated":true}]}}