{"id":680,"date":"2026-02-22T14:58:13","date_gmt":"2026-02-22T14:58:13","guid":{"rendered":"https:\/\/lapsihoterapeut.ro\/?page_id=680"},"modified":"2026-02-22T16:42:51","modified_gmt":"2026-02-22T16:42:51","slug":"testare-si-consiliere-vocationala","status":"publish","type":"page","link":"https:\/\/lapsihoterapeut.ro\/index.php\/testare-si-consiliere-vocationala\/","title":{"rendered":"Testare \u0219i Consiliere Voca\u021bional\u0103"},"content":{"rendered":"\n<p>Programul de consiliere voca\u021bional\u0103 a fost creat special pentru adolescen\u021bii care doresc s\u0103 \u00ee\u0219i clarifice alegerile educa\u021bionale \u0219i direc\u021bia de carier\u0103, oferindu-le siguran\u021ba c\u0103 \u00ee\u0219i construiesc viitorul profesional pe baza propriilor puncte forte, aptitudini \u0219i aspira\u021bii.<\/p>\n\n\n\n<p>Serviciul se bazeaz\u0103 pe evalu\u0103ri psihologice riguroase \u0219i consiliere personalizat\u0103, oferind o imagine clar\u0103 \u0219i obiectiv\u0103 asupra intereselor, abilit\u0103\u021bilor \u0219i poten\u021bialului fiec\u0103rui adolescent.<\/p>\n\n\n\n<p>Consilierea voca\u021bional\u0103 este un proces valoros at\u00e2t pentru adolescen\u021bi, c\u00e2t \u0219i pentru p\u0103rin\u021bi, facilit\u00e2nd luarea unor decizii informate privind alegerea liceului, facult\u0103\u021bii sau direc\u021biei profesionale.<\/p>\n\n\n\n<p><strong>Cui se adreseaz\u0103 consilierea voca\u021bional\u0103?<\/strong><\/p>\n\n\n\n<p>Consilierea voca\u021bional\u0103 este recomandat\u0103 adolescen\u021bilor care:<\/p>\n\n\n\n<p>&#8211; nu \u0219tiu ce facultate sau carier\u0103 s\u0103 aleag\u0103<br>&#8211; au multe op\u021biuni \u0219i nu \u0219tiu care li se potrive\u0219te cel mai bine<br>&#8211; \u00ee\u0219i doresc s\u0103 \u00ee\u0219i \u00een\u021beleag\u0103 punctele forte \u0219i aptitudinile<br>&#8211; au nevoie de claritate \u00een alegerea profilului educa\u021bional<br>&#8211; \u00ee\u0219i doresc o direc\u021bie profesional\u0103 potrivit\u0103 personalit\u0103\u021bii lor<br>&#8211; vor s\u0103 ia decizii bazate pe evalu\u0103ri psihologice profesioniste<\/p>\n\n\n\n<p><strong>Cum se desf\u0103\u0219oar\u0103 programul de consiliere voca\u021bional\u0103?<\/strong><\/p>\n\n\n\n<p>\u00cen cadrul programului utiliz\u0103m instrumente psihometrice validate \u0219tiin\u021bific \u0219i acreditate de Colegiul Psihologilor din Rom\u00e2nia, pentru a realiza o evaluare complet\u0103 a profilului psihologic \u0219i voca\u021bional.<\/p>\n\n\n\n<p>Evaluarea include:<\/p>\n\n\n\n<p>1. <strong>Abilit\u0103\u021bi cognitive \u0219i IQ verbal, numeric \u0219i figural<\/strong>. Analiz\u0103m modul \u00een care adolescentul g\u00e2nde\u0219te, proceseaz\u0103 informa\u021bia \u0219i rezolv\u0103 probleme, identific\u00e2nd domeniile \u00een care are poten\u021bial ridicat.<\/p>\n\n\n\n<p>2. <strong>Inteligen\u021b\u0103 emo\u021bional\u0103 \u0219i abilit\u0103\u021bi sociale<\/strong>. Evalu\u0103m capacitatea de adaptare, rela\u021bionare \u0219i gestionare a emo\u021biilor, aspecte esen\u021biale pentru succesul academic \u0219i profesional.<\/p>\n\n\n\n<p>3. <strong>Stiluri de \u00eenv\u0103\u021bare<\/strong>. Identific\u0103m stilurile de \u00eenv\u0103\u021bare predominante, pentru a sprijini alegerea unui parcurs educa\u021bional potrivit.<\/p>\n\n\n\n<p>4. <strong>Motiva\u021bie \u0219i factori personali ai performan\u021bei<\/strong>. Analiz\u0103m factorii care influen\u021beaz\u0103 motiva\u021bia, perseveren\u021ba \u0219i implicarea \u00een activit\u0103\u021bi educa\u021bionale \u0219i profesionale.<\/p>\n\n\n\n<p>5. <strong>Interese voca\u021bionale<\/strong> (Testul Holland). Identific\u0103m domeniile profesionale compatibile cu interesele, valorile \u0219i preferin\u021bele adolescentului.<\/p>\n\n\n\n<p><strong>Interpretarea rezultatelor \u0219i recomand\u0103rile<\/strong><\/p>\n\n\n\n<p>Un element esen\u021bial al programului este integrarea tuturor rezultatelor \u00eentr-o imagine de ansamblu coerent\u0103. \u00cen cadrul \u0219edin\u021bei de feedback:<\/p>\n\n\n\n<p>&#8211; explic rezultatele evalu\u0103rii pe \u00een\u021belesul adolescentului \u0219i al p\u0103rin\u021bilor<br>&#8211; eviden\u021biem punctele forte \u0219i resursele personale<br>&#8211; identific\u0103m domeniile profesionale potrivite<br>&#8211; contur\u0103m direc\u021bii educa\u021bionale \u0219i profesionale concrete<br>&#8211; stabilim pa\u0219ii urm\u0103tori<\/p>\n\n\n\n<p>Fiecare participant prime\u0219te un raport psihologic detaliat \u0219i recomand\u0103ri personalizate.<\/p>\n\n\n\n<p><strong>De ce s\u0103 alegi acest serviciu?<\/strong><\/p>\n\n\n\n<p>&#8211; evaluarea este realizat\u0103 de psiholog specializat<br>&#8211; instrumente psihometrice acreditate de Colegiul Psihologilor din Rom\u00e2nia<br>&#8211; evaluare complex\u0103 \u0219i integrat\u0103<br>&#8211; raport psihologic detaliat<br>&#8211; recomand\u0103ri personalizate<\/p>\n\n\n\n<p><strong>Consiliere voca\u021bional\u0103 \u00een Bucure\u0219ti \u0219i online<\/strong><\/p>\n\n\n\n<p>Sedin\u021bele pot avea loc \u00een cabinet, \u00een Bucure\u0219ti sau online, din orice ora\u0219 sau \u021bar\u0103<\/p>\n","protected":false},"excerpt":{"rendered":"<p>Programul de consiliere voca\u021bional\u0103 a fost creat special pentru adolescen\u021bii care doresc s\u0103 \u00ee\u0219i clarifice alegerile educa\u021bionale \u0219i direc\u021bia de carier\u0103, oferindu-le siguran\u021ba c\u0103 \u00ee\u0219i construiesc viitorul profesional pe baza propriilor puncte forte, aptitudini \u0219i aspira\u021bii. Serviciul se bazeaz\u0103 pe evalu\u0103ri psihologice riguroase \u0219i consiliere personalizat\u0103, oferind o imagine clar\u0103 \u0219i obiectiv\u0103 asupra intereselor, abilit\u0103\u021bilor&hellip;&nbsp;<a href=\"https:\/\/lapsihoterapeut.ro\/index.php\/testare-si-consiliere-vocationala\/\" rel=\"bookmark\">Read More &raquo;<span class=\"screen-reader-text\">Testare \u0219i Consiliere Voca\u021bional\u0103<\/span><\/a><\/p>\n","protected":false},"author":1,"featured_media":0,"parent":0,"menu_order":0,"comment_status":"closed","ping_status":"closed","template":"","meta":{"_monsterinsights_skip_tracking":false,"_monsterinsights_sitenote_active":false,"_monsterinsights_sitenote_note":"","_monsterinsights_sitenote_category":0,"neve_meta_sidebar":"","neve_meta_container":"","neve_meta_enable_content_width":"","neve_meta_content_width":0,"neve_meta_title_alignment":"","neve_meta_author_avatar":"","neve_post_elements_order":"","neve_meta_disable_header":"","neve_meta_disable_footer":"","neve_meta_disable_title":"","_themeisle_gutenberg_block_has_review":false,"footnotes":""},"class_list":["post-680","page","type-page","status-publish","hentry"],"jetpack_sharing_enabled":true,"_links":{"self":[{"href":"https:\/\/lapsihoterapeut.ro\/index.php\/wp-json\/wp\/v2\/pages\/680","targetHints":{"allow":["GET"]}}],"collection":[{"href":"https:\/\/lapsihoterapeut.ro\/index.php\/wp-json\/wp\/v2\/pages"}],"about":[{"href":"https:\/\/lapsihoterapeut.ro\/index.php\/wp-json\/wp\/v2\/types\/page"}],"author":[{"embeddable":true,"href":"https:\/\/lapsihoterapeut.ro\/index.php\/wp-json\/wp\/v2\/users\/1"}],"replies":[{"embeddable":true,"href":"https:\/\/lapsihoterapeut.ro\/index.php\/wp-json\/wp\/v2\/comments?post=680"}],"version-history":[{"count":2,"href":"https:\/\/lapsihoterapeut.ro\/index.php\/wp-json\/wp\/v2\/pages\/680\/revisions"}],"predecessor-version":[{"id":697,"href":"https:\/\/lapsihoterapeut.ro\/index.php\/wp-json\/wp\/v2\/pages\/680\/revisions\/697"}],"wp:attachment":[{"href":"https:\/\/lapsihoterapeut.ro\/index.php\/wp-json\/wp\/v2\/media?parent=680"}],"curies":[{"name":"wp","href":"https:\/\/api.w.org\/{rel}","templated":true}]}}