{"id":46,"date":"2021-02-16T11:44:42","date_gmt":"2021-02-16T11:44:42","guid":{"rendered":"https:\/\/demosites.io\/neve-3\/?page_id=46"},"modified":"2026-02-22T14:48:55","modified_gmt":"2026-02-22T14:48:55","slug":"7b3c2-homepage","status":"publish","type":"page","link":"https:\/\/lapsihoterapeut.ro\/","title":{"rendered":"Homepage"},"content":{"rendered":"\n<div class=\"wp-block-cover alignfull is-light\" style=\"min-height:379px;aspect-ratio:unset;\"><img loading=\"lazy\" decoding=\"async\" width=\"1024\" height=\"682\" class=\"wp-block-cover__image-background wp-image-594 size-large\" alt=\"\" src=\"https:\/\/lapsihoterapeut.ro\/wp-content\/uploads\/2025\/08\/WhatsApp-Image-2025-08-24-at-16.35.24_3a53f40c-1024x682.jpg\" style=\"object-position:50% 50%\" data-object-fit=\"cover\" data-object-position=\"50% 50%\" srcset=\"https:\/\/lapsihoterapeut.ro\/wp-content\/uploads\/2025\/08\/WhatsApp-Image-2025-08-24-at-16.35.24_3a53f40c-1024x682.jpg 1024w, https:\/\/lapsihoterapeut.ro\/wp-content\/uploads\/2025\/08\/WhatsApp-Image-2025-08-24-at-16.35.24_3a53f40c-300x200.jpg 300w, https:\/\/lapsihoterapeut.ro\/wp-content\/uploads\/2025\/08\/WhatsApp-Image-2025-08-24-at-16.35.24_3a53f40c-768x512.jpg 768w, https:\/\/lapsihoterapeut.ro\/wp-content\/uploads\/2025\/08\/WhatsApp-Image-2025-08-24-at-16.35.24_3a53f40c-1536x1023.jpg 1536w, https:\/\/lapsihoterapeut.ro\/wp-content\/uploads\/2025\/08\/WhatsApp-Image-2025-08-24-at-16.35.24_3a53f40c-930x620.jpg 930w, https:\/\/lapsihoterapeut.ro\/wp-content\/uploads\/2025\/08\/WhatsApp-Image-2025-08-24-at-16.35.24_3a53f40c.jpg 1600w\" sizes=\"auto, (max-width: 1024px) 100vw, 1024px\" \/><span aria-hidden=\"true\" class=\"wp-block-cover__background has-background-dim-60 has-background-dim wp-block-cover__gradient-background has-background-gradient\" style=\"background-color:#8c9995;background:linear-gradient(135deg,rgb(10,10,19) 0%,rgb(40,116,252) 100%)\"><\/span><div class=\"wp-block-cover__inner-container is-layout-flow wp-block-cover-is-layout-flow\">\n<div style=\"height:40px\" aria-hidden=\"true\" class=\"wp-block-spacer\"><\/div>\n\n\n\n<div class=\"wp-block-columns are-vertically-aligned-center is-layout-flex wp-container-core-columns-is-layout-9d6595d7 wp-block-columns-is-layout-flex\">\n<div class=\"wp-block-column is-vertically-aligned-center is-layout-flow wp-block-column-is-layout-flow\" style=\"flex-basis:100%\">\n<h1 class=\"wp-block-heading has-text-align-center has-nv-text-dark-bg-color has-text-color has-link-color wp-elements-aa8069ceded6bb1c37f3e4fb05f3510c\" style=\"font-size:56px\">Bine te-am g\u0103sit!<\/h1>\n<\/div>\n<\/div>\n\n\n\n<div style=\"height:40px\" aria-hidden=\"true\" class=\"wp-block-spacer\"><\/div>\n<\/div><\/div>\n\n\n\n<div style=\"height:40px\" aria-hidden=\"true\" class=\"wp-block-spacer\"><\/div>\n\n\n\n<div class=\"wp-block-columns is-layout-flex wp-container-core-columns-is-layout-9d6595d7 wp-block-columns-is-layout-flex\">\n<div class=\"wp-block-column is-vertically-aligned-center is-layout-flow wp-block-column-is-layout-flow\">\n<h2 class=\"wp-block-heading\">Despre mine<\/h2>\n\n\n\n<p>Sunt psiholog cu o pasiune profund\u0103 pentru \u00een\u021belegerea \u0219i \u00eenso\u021birea oamenilor \u00een procesul lor de dezvoltare personal\u0103 \u0219i profesional\u0103. Cu peste 25 de ani de experien\u021b\u0103 \u00een domenii variate, din care ultimii 19 ani \u00een educa\u021bie, \u00eemi dedic activitatea cre\u0103rii unui spa\u021biu de siguran\u021b\u0103 \u0219i \u00eencredere \u00een care fiecare persoan\u0103 s\u0103-\u0219i con\u0219tientizeze \u0219i s\u0103 \u00ee\u0219i ating\u0103 poten\u021bialul.<\/p>\n\n\n\n<p>Formarea mea academic\u0103 include licen\u021b\u0103 \u00een Psihologie \u0219i masterate \u00een Psihologie clinic\u0103 \u0219i educa\u021bional\u0103 \u0219i S\u0103n\u0103tate ocupa\u021bional\u0103, ceea ce m\u0103 ajut\u0103 s\u0103 adresez at\u00e2t provoc\u0103rile personale, c\u00e2t \u0219i cele profesionale ale clien\u021bilor mei. De asemenea, sunt certificat\u0103 NLP Master Practitioner \u0219i Proffesional Coach, combin\u00e2nd tehnici dinamice pentru a facilita schimb\u0103rile pozitive \u0219i durabile.<\/p>\n\n\n\n<p>De\u021bin atestate de liber\u0103 practic\u0103 de la Colegiul Psihologilor din Rom\u00e2nia pentru specializ\u0103rile: psihologie clinic\u0103, psihologie educa\u021bional\u0103 \u0219i psihologia muncii \u0219i organiza\u021bional\u0103 \u0219i sunt membru al Asocia\u021biei de Psihologie Industrial\u0103 \u0219i Organiza\u021bional\u0103 \u0219i al Asocia\u021biei NLP Professional, la r\u00e2ndul ei afiliat\u0103 la European Association for Neurolinguistic Psychotherapy (www.eanlpt.org), Federea\u021bia Rom\u00e2n\u0103 de Psihoterapie (www.psihoterapie.ro), Colegiul Psihologilor din Rom\u00e2nia (www.copsi.ro) \u0219i European Coaching Federation&nbsp;(www.eucf.org).<\/p>\n<\/div>\n<\/div>\n\n\n\n<div style=\"height:20px\" aria-hidden=\"true\" class=\"wp-block-spacer\"><\/div>\n\n\n\n<div class=\"wp-block-columns are-vertically-aligned-top is-layout-flex wp-container-core-columns-is-layout-9d6595d7 wp-block-columns-is-layout-flex\">\n<div class=\"wp-block-column is-vertically-aligned-top is-layout-flow wp-block-column-is-layout-flow\">\n<figure class=\"wp-block-image size-full\"><img loading=\"lazy\" decoding=\"async\" width=\"800\" height=\"800\" src=\"https:\/\/lapsihoterapeut.ro\/wp-content\/uploads\/2021\/10\/neve-demo-image-28.png\" alt=\"\" class=\"wp-image-378\" srcset=\"https:\/\/lapsihoterapeut.ro\/wp-content\/uploads\/2021\/10\/neve-demo-image-28.png 800w, https:\/\/lapsihoterapeut.ro\/wp-content\/uploads\/2021\/10\/neve-demo-image-28-300x300.png 300w, https:\/\/lapsihoterapeut.ro\/wp-content\/uploads\/2021\/10\/neve-demo-image-28-150x150.png 150w\" sizes=\"auto, (max-width: 800px) 100vw, 800px\" \/><\/figure>\n\n\n\n<div style=\"height:16px\" aria-hidden=\"true\" class=\"wp-block-spacer\"><\/div>\n\n\n\n<h3 class=\"wp-block-heading\">Domenii de interven\u021bie<\/h3>\n\n\n\n<ul class=\"wp-block-list\">\n<li>Evaluare \u0219i consiliere individual\u0103 pentru adolescen\u021bi \u0219i adul\u021bi<\/li>\n\n\n\n<li>Consiliere parental\u0103 \u0219i dinamici familiale<\/li>\n\n\n\n<li>Consiliere voca\u021bional\u0103 \u0219i orientare \u00een carier\u0103<\/li>\n\n\n\n<li>Coaching pentru dezvoltare personal\u0103 \u0219i atingerea&nbsp;obiectivelor<\/li>\n<\/ul>\n<\/div>\n\n\n\n<div class=\"wp-block-column is-vertically-aligned-top is-layout-flow wp-block-column-is-layout-flow\">\n<figure class=\"wp-block-image size-full\"><img loading=\"lazy\" decoding=\"async\" width=\"800\" height=\"800\" src=\"https:\/\/lapsihoterapeut.ro\/wp-content\/uploads\/2021\/10\/neve-demo-image-29.png\" alt=\"\" class=\"wp-image-373\" srcset=\"https:\/\/lapsihoterapeut.ro\/wp-content\/uploads\/2021\/10\/neve-demo-image-29.png 800w, https:\/\/lapsihoterapeut.ro\/wp-content\/uploads\/2021\/10\/neve-demo-image-29-300x300.png 300w, https:\/\/lapsihoterapeut.ro\/wp-content\/uploads\/2021\/10\/neve-demo-image-29-150x150.png 150w\" sizes=\"auto, (max-width: 800px) 100vw, 800px\" \/><\/figure>\n\n\n\n<div style=\"height:16px\" aria-hidden=\"true\" class=\"wp-block-spacer\"><\/div>\n\n\n\n<h3 class=\"wp-block-heading\">Articole utile<\/h3>\n\n\n\n<ul class=\"wp-block-list\">\n<li><a href=\"https:\/\/lapsihoterapeut.ro\/index.php\/2025\/07\/01\/ce-are-nevoie-sa-auda-copilul-meu-cand-afla-rezultatele-unui-examen\/\" data-type=\"post\" data-id=\"546\">Ce are nevoie s\u0103 aud\u0103 copilul meu c\u00e2nd afl\u0103 rezultatele unui examen<\/a><\/li>\n\n\n\n<li><a href=\"https:\/\/lapsihoterapeut.ro\/index.php\/2025\/01\/06\/dinamicile-familiale-semne-ca-este-momentul-sa-ceri-ajutor-specializat\/\" data-type=\"post\" data-id=\"484\">Dinamicile familiale: Semne c\u0103 este momentul s\u0103 ceri ajutor specializat<\/a><\/li>\n<\/ul>\n<\/div>\n\n\n\n<div class=\"wp-block-column is-vertically-aligned-top is-layout-flow wp-block-column-is-layout-flow\">\n<figure class=\"wp-block-image size-full\"><img loading=\"lazy\" decoding=\"async\" width=\"800\" height=\"800\" src=\"https:\/\/lapsihoterapeut.ro\/wp-content\/uploads\/2021\/10\/neve-demo-image-31.png\" alt=\"\" class=\"wp-image-375\" srcset=\"https:\/\/lapsihoterapeut.ro\/wp-content\/uploads\/2021\/10\/neve-demo-image-31.png 800w, https:\/\/lapsihoterapeut.ro\/wp-content\/uploads\/2021\/10\/neve-demo-image-31-300x300.png 300w, https:\/\/lapsihoterapeut.ro\/wp-content\/uploads\/2021\/10\/neve-demo-image-31-150x150.png 150w\" sizes=\"auto, (max-width: 800px) 100vw, 800px\" \/><\/figure>\n\n\n\n<div style=\"height:16px\" aria-hidden=\"true\" class=\"wp-block-spacer\"><\/div>\n\n\n\n<h3 class=\"wp-block-heading\">\u00cen cur\u00e2nd<\/h3>\n\n\n\n<ul class=\"wp-block-list\">\n<li>Curs de dezvoltare a rezilien\u021bei la copii \u0219i adolescen\u021bi<\/li>\n\n\n\n<li>Antrenamente de g\u00e2ndire flexibil\u0103 pentru copii \u0219i&nbsp;adolescen\u021bi<\/li>\n<\/ul>\n<\/div>\n<\/div>\n\n\n\n<div style=\"height:40px\" aria-hidden=\"true\" class=\"wp-block-spacer\"><\/div>\n","protected":false},"excerpt":{"rendered":"<p>Despre mine Sunt psiholog cu o pasiune profund\u0103 pentru \u00een\u021belegerea \u0219i \u00eenso\u021birea oamenilor \u00een procesul lor de dezvoltare personal\u0103 \u0219i profesional\u0103. Cu peste 25 de ani de experien\u021b\u0103 \u00een domenii variate, din care ultimii 19 ani \u00een educa\u021bie, \u00eemi dedic activitatea cre\u0103rii unui spa\u021biu de siguran\u021b\u0103 \u0219i \u00eencredere \u00een care fiecare persoan\u0103 s\u0103-\u0219i con\u0219tientizeze \u0219i&hellip;&nbsp;<a href=\"https:\/\/lapsihoterapeut.ro\/\" rel=\"bookmark\">Read More &raquo;<span class=\"screen-reader-text\">Homepage<\/span><\/a><\/p>\n","protected":false},"author":1,"featured_media":0,"parent":0,"menu_order":0,"comment_status":"closed","ping_status":"closed","template":"","meta":{"_monsterinsights_skip_tracking":false,"_monsterinsights_sitenote_active":false,"_monsterinsights_sitenote_note":"","_monsterinsights_sitenote_category":0,"neve_meta_sidebar":"full-width","neve_meta_container":"contained","neve_meta_enable_content_width":"on","neve_meta_content_width":100,"neve_meta_title_alignment":"","neve_meta_author_avatar":"","neve_post_elements_order":"","neve_meta_disable_header":"","neve_meta_disable_footer":"","neve_meta_disable_title":"on","_themeisle_gutenberg_block_has_review":false,"footnotes":""},"class_list":["post-46","page","type-page","status-publish","hentry"],"jetpack_sharing_enabled":true,"_links":{"self":[{"href":"https:\/\/lapsihoterapeut.ro\/index.php\/wp-json\/wp\/v2\/pages\/46","targetHints":{"allow":["GET"]}}],"collection":[{"href":"https:\/\/lapsihoterapeut.ro\/index.php\/wp-json\/wp\/v2\/pages"}],"about":[{"href":"https:\/\/lapsihoterapeut.ro\/index.php\/wp-json\/wp\/v2\/types\/page"}],"author":[{"embeddable":true,"href":"https:\/\/lapsihoterapeut.ro\/index.php\/wp-json\/wp\/v2\/users\/1"}],"replies":[{"embeddable":true,"href":"https:\/\/lapsihoterapeut.ro\/index.php\/wp-json\/wp\/v2\/comments?post=46"}],"version-history":[{"count":14,"href":"https:\/\/lapsihoterapeut.ro\/index.php\/wp-json\/wp\/v2\/pages\/46\/revisions"}],"predecessor-version":[{"id":677,"href":"https:\/\/lapsihoterapeut.ro\/index.php\/wp-json\/wp\/v2\/pages\/46\/revisions\/677"}],"wp:attachment":[{"href":"https:\/\/lapsihoterapeut.ro\/index.php\/wp-json\/wp\/v2\/media?parent=46"}],"curies":[{"name":"wp","href":"https:\/\/api.w.org\/{rel}","templated":true}]}}