{"id":425,"date":"2021-10-19T11:16:02","date_gmt":"2021-10-19T11:16:02","guid":{"rendered":"https:\/\/demosites.io\/neve-3\/?page_id=423"},"modified":"2026-02-22T14:42:03","modified_gmt":"2026-02-22T14:42:03","slug":"psihologie-clinica","status":"publish","type":"page","link":"https:\/\/lapsihoterapeut.ro\/index.php\/psihologie-clinica\/","title":{"rendered":"Psihologie Clinic\u0103"},"content":{"rendered":"\n<div style=\"height:20px\" aria-hidden=\"true\" class=\"wp-block-spacer\"><\/div>\n\n\n\n<div class=\"wp-block-columns is-layout-flex wp-container-core-columns-is-layout-62db62f3 wp-block-columns-is-layout-flex\" style=\"padding-top:0;padding-bottom:0\">\n<div class=\"wp-block-column is-layout-flow wp-block-column-is-layout-flow\" style=\"flex-basis:10%\"><\/div>\n\n\n\n<div class=\"wp-block-column is-layout-flow wp-block-column-is-layout-flow\" style=\"flex-basis:80%\">\n<h1 class=\"wp-block-heading has-text-align-center\"><strong>Psihologie Clinic\u0103<\/strong><\/h1>\n<\/div>\n\n\n\n<div class=\"wp-block-column is-layout-flow wp-block-column-is-layout-flow\" style=\"flex-basis:10%\"><\/div>\n<\/div>\n\n\n\n<div id=\"wp-block-themeisle-blocks-advanced-columns-3a632c5b\" class=\"wp-block-themeisle-blocks-advanced-columns alignfull has-3-columns has-desktop-equal-layout has-tablet-equal-layout has-mobile-collapsedRows-layout has-vertical-top ticss-c00aadba\"><div class=\"wp-block-themeisle-blocks-advanced-columns-overlay\"><\/div><div class=\"innerblocks-wrap\">\n<div id=\"wp-block-themeisle-blocks-advanced-column-1afaade9\" class=\"wp-block-themeisle-blocks-advanced-column\">\n<p><\/p>\n\n\n\n<h2 id=\"wp-block-themeisle-blocks-advanced-heading-dd1eb2f7\" class=\"wp-block-themeisle-blocks-advanced-heading wp-block-themeisle-blocks-advanced-heading-dd1eb2f7\">Servicii pentru copii<\/h2>\n<\/div>\n\n\n\n<div id=\"wp-block-themeisle-blocks-advanced-column-7ca824fc\" class=\"wp-block-themeisle-blocks-advanced-column\">\n<div class=\"wp-block-group\"><div class=\"wp-block-group__inner-container is-layout-flow wp-block-group-is-layout-flow\">\n<p class=\"has-text-align-center\">Evaluare psihologic\u0103 pentru \u0219coal\u0103 sau gradini\u021b\u0103<\/p>\n\n\n\n<div class=\"wp-block-group\"><div class=\"wp-block-group__inner-container is-layout-flow wp-block-group-is-layout-flow\">\n<p class=\"has-text-align-center\">Evaluare psihologic\u0103 clinic\u0103 a copilului cu cerin\u021be educa\u021bionale speciale \u00een vederea \u00eencadr\u0103rii \u00eentr-un grad de handicap<\/p>\n<\/div><\/div>\n<\/div><\/div>\n<\/div>\n\n\n\n<div id=\"wp-block-themeisle-blocks-advanced-column-1a6a4a66\" class=\"wp-block-themeisle-blocks-advanced-column\">\n<div class=\"wp-block-group\"><div class=\"wp-block-group__inner-container is-layout-flow wp-block-group-is-layout-flow\">\n<p class=\"has-text-align-center\">Fi\u0219\u0103 de evaluare psihologic\u0103 (Anexa 8 din Ordinul nr 1985\/2016) timbrat\u0103 profesional<\/p>\n\n\n\n<div class=\"wp-block-group\"><div class=\"wp-block-group__inner-container is-layout-flow wp-block-group-is-layout-flow\">\n<p class=\"has-text-align-center\">Consiliere psihologic\u0103 copii<\/p>\n<\/div><\/div>\n<\/div><\/div>\n<\/div>\n<\/div><\/div>\n\n\n\n<div id=\"wp-block-themeisle-blocks-advanced-columns-2ffd2c00\" class=\"wp-block-themeisle-blocks-advanced-columns alignfull has-4-columns has-desktop-equal-layout has-tablet-equal-layout has-mobile-collapsedRows-layout has-vertical-top ticss-c00aadba\"><div class=\"wp-block-themeisle-blocks-advanced-columns-overlay\"><\/div><div class=\"innerblocks-wrap\">\n<div id=\"wp-block-themeisle-blocks-advanced-column-a752a724\" class=\"wp-block-themeisle-blocks-advanced-column\">\n<p><\/p>\n\n\n\n<h2 id=\"wp-block-themeisle-blocks-advanced-heading-455c88f0\" class=\"wp-block-themeisle-blocks-advanced-heading wp-block-themeisle-blocks-advanced-heading-455c88f0\">Servicii pentru adul\u021bi<\/h2>\n<\/div>\n\n\n\n<div id=\"wp-block-themeisle-blocks-advanced-column-ed89deaa\" class=\"wp-block-themeisle-blocks-advanced-column\">\n<div class=\"wp-block-group\"><div class=\"wp-block-group__inner-container is-layout-flow wp-block-group-is-layout-flow\">\n<p class=\"has-text-align-center\">Psihodiagnostic \u015fi evaluare clinic\u0103 <\/p>\n\n\n\n<div class=\"wp-block-group\"><div class=\"wp-block-group__inner-container is-layout-flow wp-block-group-is-layout-flow\">\n<p class=\"has-text-align-center\">Evaluarea personalit\u0103\u021bii \u0219i comportamentului<\/p>\n<\/div><\/div>\n<\/div><\/div>\n<\/div>\n\n\n\n<div id=\"wp-block-themeisle-blocks-advanced-column-e17e9236\" class=\"wp-block-themeisle-blocks-advanced-column\">\n<div class=\"wp-block-group\"><div class=\"wp-block-group__inner-container is-layout-flow wp-block-group-is-layout-flow\">\n<p class=\"has-text-align-center\">Evaluarea personalit\u0103\u021bii \u0219i comportamentului<\/p>\n\n\n\n<div class=\"wp-block-group\"><div class=\"wp-block-group__inner-container is-layout-flow wp-block-group-is-layout-flow\">\n<p class=\"has-text-align-center\">Evaluarea psihologic\u0103 pentru persoanele adulte cu handicap<\/p>\n<\/div><\/div>\n<\/div><\/div>\n<\/div>\n\n\n\n<div id=\"wp-block-themeisle-blocks-advanced-column-02809449\" class=\"wp-block-themeisle-blocks-advanced-column\">\n<div class=\"wp-block-group\"><div class=\"wp-block-group__inner-container is-layout-flow wp-block-group-is-layout-flow\">\n<p class=\"has-text-align-center\">Interven\u0163ie psihologic\u0103<\/p>\n\n\n\n<div class=\"wp-block-group\"><div class=\"wp-block-group__inner-container is-layout-flow wp-block-group-is-layout-flow\">\n<p class=\"has-text-align-center\">Consiliere psihologic\u0103 \u0219i pentru dezvoltare personal\u0103<\/p>\n<\/div><\/div>\n<\/div><\/div>\n<\/div>\n<\/div><\/div>\n\n\n\n<p style=\"font-size:0.9em\"><strong>Din blog<\/strong><\/p>\n\n\n\n<div class=\"wp-block-query is-layout-flow wp-block-query-is-layout-flow\"><ul class=\"columns-3 wp-block-post-template is-layout-grid wp-container-core-post-template-is-layout-2fc57c17 wp-block-post-template-is-layout-grid\"><li class=\"wp-block-post post-655 post type-post status-publish format-standard hentry category-psihoterapie-si-dezvoltare-personala\">\n\n\n<div class=\"wp-block-post-date\"><time datetime=\"2025-12-29T11:30:00+00:00\">December 29, 2025<\/time><\/div>\n\n<h4 class=\"wp-block-post-title\">Masculinitatea con\u0219tient\u0103: ce \u00eenseamn\u0103 s\u0103 fii b\u0103rbat \u00een 2025<\/h4>\n<\/li><li class=\"wp-block-post post-653 post type-post status-publish format-standard hentry category-psihoterapie-si-dezvoltare-personala\">\n\n\n<div class=\"wp-block-post-date\"><time datetime=\"2025-12-23T10:30:00+00:00\">December 23, 2025<\/time><\/div>\n\n<h4 class=\"wp-block-post-title\">Perimenopauza \u0219i s\u0103n\u0103tatea emo\u021bional\u0103 a femeii<\/h4>\n<\/li><li class=\"wp-block-post post-651 post type-post status-publish format-standard hentry category-ganduri-despre-si-pentru-parinti category-psihologia-copilului-si-adolescentului\">\n\n\n<div class=\"wp-block-post-date\"><time datetime=\"2025-12-14T13:37:24+00:00\">December 14, 2025<\/time><\/div>\n\n<h4 class=\"wp-block-post-title\">Ce ar vrea adolescen\u021bii s\u0103 \u0219tie p\u0103rin\u021bii lor (dar nu \u0219tiu cum s\u0103 le spun\u0103)<\/h4>\n<\/li><\/ul><\/div>\n\n\n\n<div style=\"height:40px\" aria-hidden=\"true\" class=\"wp-block-spacer\"><\/div>\n\n\n\n<p><\/p>\n","protected":false},"excerpt":{"rendered":"<p>Psihologie Clinic\u0103 Din blog<\/p>\n","protected":false},"author":1,"featured_media":0,"parent":0,"menu_order":0,"comment_status":"closed","ping_status":"closed","template":"","meta":{"_monsterinsights_skip_tracking":false,"_monsterinsights_sitenote_active":false,"_monsterinsights_sitenote_note":"","_monsterinsights_sitenote_category":0,"neve_meta_sidebar":"","neve_meta_container":"default","neve_meta_enable_content_width":"","neve_meta_content_width":0,"neve_meta_title_alignment":"","neve_meta_author_avatar":"","neve_post_elements_order":"","neve_meta_disable_header":"","neve_meta_disable_footer":"","neve_meta_disable_title":"on","_themeisle_gutenberg_block_has_review":false,"footnotes":""},"class_list":["post-425","page","type-page","status-publish","hentry"],"jetpack_sharing_enabled":true,"_links":{"self":[{"href":"https:\/\/lapsihoterapeut.ro\/index.php\/wp-json\/wp\/v2\/pages\/425","targetHints":{"allow":["GET"]}}],"collection":[{"href":"https:\/\/lapsihoterapeut.ro\/index.php\/wp-json\/wp\/v2\/pages"}],"about":[{"href":"https:\/\/lapsihoterapeut.ro\/index.php\/wp-json\/wp\/v2\/types\/page"}],"author":[{"embeddable":true,"href":"https:\/\/lapsihoterapeut.ro\/index.php\/wp-json\/wp\/v2\/users\/1"}],"replies":[{"embeddable":true,"href":"https:\/\/lapsihoterapeut.ro\/index.php\/wp-json\/wp\/v2\/comments?post=425"}],"version-history":[{"count":22,"href":"https:\/\/lapsihoterapeut.ro\/index.php\/wp-json\/wp\/v2\/pages\/425\/revisions"}],"predecessor-version":[{"id":672,"href":"https:\/\/lapsihoterapeut.ro\/index.php\/wp-json\/wp\/v2\/pages\/425\/revisions\/672"}],"wp:attachment":[{"href":"https:\/\/lapsihoterapeut.ro\/index.php\/wp-json\/wp\/v2\/media?parent=425"}],"curies":[{"name":"wp","href":"https:\/\/api.w.org\/{rel}","templated":true}]}}