{"id":398,"date":"2021-10-15T08:57:51","date_gmt":"2021-10-15T08:57:51","guid":{"rendered":"https:\/\/demosites.io\/neve-3\/?page_id=398"},"modified":"2025-07-01T19:14:13","modified_gmt":"2025-07-01T19:14:13","slug":"7b3c2-contact","status":"publish","type":"page","link":"https:\/\/lapsihoterapeut.ro\/index.php\/7b3c2-contact\/","title":{"rendered":"Contact"},"content":{"rendered":"\n<div class=\"wp-block-cover alignfull has-parallax\" style=\"min-height:20em;aspect-ratio:unset;\"><div class=\"wp-block-cover__image-background wp-image-515 size-large has-parallax\" style=\"background-position:50% 50%;background-image:url(https:\/\/lapsihoterapeut.ro\/wp-content\/uploads\/2025\/01\/pexels-shvets-production-7176319-1024x683.jpg)\"><\/div><span aria-hidden=\"true\" class=\"wp-block-cover__background has-neve-link-color-background-color has-background-dim-40 has-background-dim\"><\/span><div class=\"wp-block-cover__inner-container is-layout-flow wp-block-cover-is-layout-flow\">\n<div style=\"height:80px\" aria-hidden=\"true\" class=\"wp-block-spacer\"><\/div>\n\n\n\n<h1 class=\"wp-block-heading has-text-align-center has-nv-text-dark-bg-color has-text-color\">L\u0103t\u0103re\u021bu Maria \u2013 Cabinet Individual de Psihologie<\/h1>\n\n\n\n<p class=\"has-text-align-center has-nv-text-dark-bg-color has-text-color has-medium-font-size\">Telefon: 0722 646 523<\/p>\n\n\n\n<div style=\"height:80px\" aria-hidden=\"true\" class=\"wp-block-spacer\"><\/div>\n<\/div><\/div>\n\n\n\n<div class=\"wp-block-cover aligncenter\" style=\"min-height:255px;aspect-ratio:unset;\"><span aria-hidden=\"true\" class=\"wp-block-cover__background has-nv-site-bg-background-color has-background-dim-100 has-background-dim\"><\/span><div class=\"wp-block-cover__inner-container is-layout-flow wp-block-cover-is-layout-flow\">\n<div class=\"wp-block-columns are-vertically-aligned-center has-medium-font-size is-layout-flex wp-container-core-columns-is-layout-9d6595d7 wp-block-columns-is-layout-flex\">\n<div class=\"wp-block-column is-vertically-aligned-center is-layout-flow wp-block-column-is-layout-flow\" style=\"flex-basis:100%\">\n<h2 class=\"wp-block-heading has-text-align-center has-neve-text-color-color has-text-color\">Cabinet<\/h2>\n\n\n\n<div style=\"height:20px\" aria-hidden=\"true\" class=\"wp-block-spacer\"><\/div>\n\n\n\n<h3 class=\"wp-block-heading has-text-align-center has-neve-text-color-color has-text-color\">Bucure\u0219ti<\/h3>\n\n\n\n<p class=\"has-text-align-center has-neve-text-color-color has-text-color\">Bulevardul Unirii, nr. 27, sector 4, cod po\u0219tal, 030833<br><\/p>\n<\/div>\n<\/div>\n<\/div><\/div>\n\n\n<div style=\"height:400pxpx;\" class=\"wp-block-themeisle-blocks-leaflet-map\" id=\"wp-block-themeisle-blocks-leaflet-map-bd0e5016\"><\/div>\n<script type=\"text\/javascript\">\n\t\/* <![CDATA[ *\/\n\t\tif ( ! window.themeisleLeafletMaps ) window.themeisleLeafletMaps =[];\n\t\twindow.themeisleLeafletMaps.push( { container: \"wp-block-themeisle-blocks-leaflet-map-bd0e5016\", attributes: {\"id\":\"wp-block-themeisle-blocks-leaflet-map-bd0e5016\",\"location\":\"Bulevardul Unirii 27, Bucuresti\",\"latitude\":\"44.4277178\",\"longitude\":\"26.1007358\",\"bbox\":\"26.081972122192386,44.42158220841242,26.11952304840088,44.43384113430226\",\"zoom\":15,\"markers\":[{\"id\":\"8d2a1ca6-1f6b-4850-9a1e-ad7dc5677eea\",\"latitude\":44.4277178,\"longitude\":26.1007358,\"title\":\"Cabinet\",\"description\":\"\"}],\"height\":\"400px\",\"zoomControl\":true,\"draggable\":true,\"hasCustomCSS\":false,\"customCSS\":\"\",\"otterConditions\":[]} } );\n\t\/* ]]> *\/\n<\/script>\n\n\n\n<div class=\"wp-block-cover alignfull\" style=\"min-height:200px;aspect-ratio:unset;\"><span aria-hidden=\"true\" class=\"wp-block-cover__background has-nv-light-bg-background-color has-background-dim-100 has-background-dim\"><\/span><div class=\"wp-block-cover__inner-container is-layout-flow wp-block-cover-is-layout-flow\">\n<div style=\"height:80px\" aria-hidden=\"true\" class=\"wp-block-spacer\"><\/div>\n\n\n\n<h2 class=\"wp-block-heading has-text-align-center has-neve-text-color-color has-text-color\">\u00centreb\u0103ri frecvente<\/h2>\n\n\n\n<div style=\"height:40px\" aria-hidden=\"true\" class=\"wp-block-spacer\"><\/div>\n\n\n\n<div class=\"wp-block-columns are-vertically-aligned-top is-layout-flex wp-container-core-columns-is-layout-9d6595d7 wp-block-columns-is-layout-flex\">\n<div class=\"wp-block-column is-vertically-aligned-top is-layout-flow wp-block-column-is-layout-flow\">\n<h3 class=\"wp-block-heading has-text-align-left has-neve-text-color-color has-text-color\">Cu ce probleme pot veni la cabinet?<\/h3>\n\n\n\n<p class=\"has-text-align-left has-neve-text-color-color has-text-color\">Po\u021bi apela la servicii psihologice pentru:<\/p>\n\n\n\n<ul class=\"wp-block-list\">\n<li class=\"has-nv-dark-bg-color has-text-color has-link-color wp-elements-f147e9918625baf0d0af2337b30b0679\">anxietate, depresie, stres sau burnout,<\/li>\n\n\n\n<li class=\"has-nv-dark-bg-color has-text-color has-link-color wp-elements-ceb2848d1b87771bcd20453c35aec031\">dificult\u0103\u021bi \u00een rela\u021biile personale \u0219i profesionale,<\/li>\n\n\n\n<li class=\"has-nv-dark-bg-color has-text-color has-link-color wp-elements-d86449aec11bdf547e8d56c721ce8958\">lips\u0103 de \u00eencredere \u00een sine sau stim\u0103 de sine sc\u0103zut\u0103,<\/li>\n\n\n\n<li class=\"has-nv-dark-bg-color has-text-color has-link-color wp-elements-77c8f4ed0344133b1cc68899b38f3458\">traume emo\u021bionale sau evenimente de via\u021b\u0103 dificile,<\/li>\n\n\n\n<li class=\"has-nv-dark-bg-color has-text-color has-link-color wp-elements-ae4dbe7a97c08514b2474c58ac0a5aaf\">probleme de dinamic\u0103 familial\u0103,<\/li>\n\n\n\n<li class=\"has-nv-dark-bg-color has-text-color has-link-color wp-elements-43f0c9c5a89767bf87abae3761dd66ff\">consiliere parental\u0103 (pentru gestionarea rela\u021biei cu copilul),<\/li>\n\n\n\n<li class=\"has-nv-dark-bg-color has-text-color has-link-color wp-elements-bd1dedce301905bc63288fd0c6177321\">consiliere voca\u021bional\u0103 (orientare \u00een carier\u0103, alegeri educa\u021bionale),<\/li>\n\n\n\n<li class=\"has-nv-dark-bg-color has-text-color has-link-color wp-elements-0b9db43b84305a0eb423001103307f4c\">coaching pentru dezvoltare personal\u0103 \u0219i atingerea obiectivelor importante pentru tine,<\/li>\n\n\n\n<li class=\"has-nv-dark-bg-color has-text-color has-link-color wp-elements-a29da2865cf6b3ccf2da0f39a9c907b0\">sau pur \u0219i simplu pentru a te cunoa\u0219te mai bine \u0219i a-\u021bi construi o via\u021b\u0103 \u00een acord cu\u00a0valorile\u00a0tale.<\/li>\n\n\n\n<li><\/li>\n<\/ul>\n\n\n\n<div style=\"height:40px\" aria-hidden=\"true\" class=\"wp-block-spacer\"><\/div>\n\n\n\n<h3 class=\"wp-block-heading has-text-align-left has-neve-text-color-color has-text-color\">Cum se desf\u0103\u0219oar\u0103 \u0219edin\u021bele la cabinet (durat\u0103, frecven\u021b\u0103, format)?<\/h3>\n\n\n\n<p class=\"has-text-align-left has-neve-text-color-color has-text-color\">O \u0219edin\u021b\u0103 individual\u0103 dureaz\u0103, de regul\u0103, 50 de minute. \u00cen cazul \u00eent\u00e2lnirilor de cuplu sau de familie, durata poate fi u\u0219or extins\u0103, \u00een func\u021bie de nevoi.<\/p>\n\n\n\n<p class=\"has-nv-dark-bg-color has-text-color has-link-color wp-elements-8b3a899301e983942d0b2b8ee04fc414\">Frecven\u021ba \u00eent\u00e2lnirilor este, \u00een mod obi\u0219nuit, de o \u0219edin\u021b\u0103 pe s\u0103pt\u0103m\u00e2n\u0103, \u00eens\u0103 aceasta se poate ajusta \u00een func\u021bie de ritmul \u0219i obiectivele tale. Deciziile privind frecven\u021ba se stabilesc \u00eempreun\u0103, \u00een cadrul procesului.<\/p>\n\n\n\n<p class=\"has-text-align-left has-neve-text-color-color has-text-color\">\u0218edin\u021bele se pot desf\u0103\u0219ura at\u00e2t fa\u021b\u0103 \u00een fa\u021b\u0103, \u00een cabinet, c\u00e2t \u0219i online, prin platforme securizate (Zoom, Google Meet etc.), \u00een func\u021bie de preferin\u021bele \u0219i disponibilitatea ta. Ambele variante respect\u0103 acelea\u0219i standarde de profesionalism \u0219i confiden\u021bialitate.<\/p>\n<\/div>\n\n\n\n<div class=\"wp-block-column is-vertically-aligned-top is-layout-flow wp-block-column-is-layout-flow\">\n<h3 class=\"wp-block-heading has-text-align-left has-neve-text-color-color has-text-color\">Este totul confiden\u021bial?<\/h3>\n\n\n\n<p class=\"has-text-align-left has-neve-text-color-color has-text-color\">Da, absolut. Rela\u021bia terapeutic\u0103 este guvernat\u0103 de principiul confiden\u021bialit\u0103\u021bii, unul dintre cele mai importante valori ale profesiei de psiholog. Tot ceea ce discu\u021bi cu mine \u00een cabinet \u2013 fie \u00een format fizic, fie online \u2013 r\u0103m\u00e2ne strict \u00eentre noi.<\/p>\n\n\n\n<p class=\"has-nv-dark-bg-color has-text-color has-link-color wp-elements-44cd3d636959c157aaf2f0c8682289c2\">Respect Codul deontologic al profesiei de psiholog \u0219i legisla\u021bia \u00een vigoare (Legea 213\/2004), care garanteaz\u0103 protejarea vie\u021bii tale private. Informa\u021biile pe care le \u00eemp\u0103rt\u0103\u0219e\u0219ti nu sunt divulgate niciunei alte persoane f\u0103r\u0103 acordul t\u0103u scris, cu o singur\u0103 excep\u021bie legal\u0103: atunci c\u00e2nd exist\u0103 un risc serios pentru via\u021ba ta sau a altcuiva, iar interven\u021bia este necesar\u0103 pentru a preveni un pericol major.<\/p>\n\n\n\n<p class=\"has-text-align-left has-neve-text-color-color has-text-color\">Scopul meu este s\u0103 creez un spa\u021biu sigur, \u00een care s\u0103 te sim\u021bi acceptat(\u0103), respectat(\u0103) \u0219i liber(\u0103) s\u0103 te exprimi f\u0103r\u0103 teama de a&nbsp;fi&nbsp;judecat(\u0103).<\/p>\n\n\n\n<div style=\"height:97px\" aria-hidden=\"true\" class=\"wp-block-spacer\"><\/div>\n\n\n\n<h3 class=\"wp-block-heading has-text-align-left has-neve-text-color-color has-text-color\">Este nevoie de trimitere sau alte documente?<\/h3>\n\n\n\n<p class=\"has-text-align-left has-neve-text-color-color has-text-color\">Nu, nu ai nevoie de trimitere de la medic sau de alte documente pentru a apela la servicii psihologice.<br>Po\u021bi lua leg\u0103tura direct cu mine pentru a programa o prim\u0103 \u00eent\u00e2lnire.<\/p>\n\n\n\n<p class=\"has-text-align-left has-neve-text-color-color has-text-color\">Lucrez cu adolescen\u021bi \u0219i adul\u021bi, at\u00e2t \u00een \u0219edin\u021be individuale, c\u00e2t \u0219i \u00een cadrul consilierii de cuplu, parentale sau voca\u021bionale. \u00cen func\u021bie de nevoile tale, vom stabili \u00eempreun\u0103 forma de sprijin&nbsp;potrivit\u0103.<\/p>\n<\/div>\n<\/div>\n\n\n\n<div style=\"height:50px\" aria-hidden=\"true\" class=\"wp-block-spacer\"><\/div>\n<\/div><\/div>\n","protected":false},"excerpt":{"rendered":"","protected":false},"author":1,"featured_media":0,"parent":0,"menu_order":0,"comment_status":"closed","ping_status":"closed","template":"","meta":{"_monsterinsights_skip_tracking":false,"_monsterinsights_sitenote_active":false,"_monsterinsights_sitenote_note":"","_monsterinsights_sitenote_category":0,"neve_meta_sidebar":"","neve_meta_container":"contained","neve_meta_enable_content_width":"on","neve_meta_content_width":100,"neve_meta_title_alignment":"","neve_meta_author_avatar":"","neve_post_elements_order":"","neve_meta_disable_header":"","neve_meta_disable_footer":"","neve_meta_disable_title":"on","_themeisle_gutenberg_block_has_review":false,"footnotes":""},"class_list":["post-398","page","type-page","status-publish","hentry"],"jetpack_sharing_enabled":true,"_links":{"self":[{"href":"https:\/\/lapsihoterapeut.ro\/index.php\/wp-json\/wp\/v2\/pages\/398","targetHints":{"allow":["GET"]}}],"collection":[{"href":"https:\/\/lapsihoterapeut.ro\/index.php\/wp-json\/wp\/v2\/pages"}],"about":[{"href":"https:\/\/lapsihoterapeut.ro\/index.php\/wp-json\/wp\/v2\/types\/page"}],"author":[{"embeddable":true,"href":"https:\/\/lapsihoterapeut.ro\/index.php\/wp-json\/wp\/v2\/users\/1"}],"replies":[{"embeddable":true,"href":"https:\/\/lapsihoterapeut.ro\/index.php\/wp-json\/wp\/v2\/comments?post=398"}],"version-history":[{"count":17,"href":"https:\/\/lapsihoterapeut.ro\/index.php\/wp-json\/wp\/v2\/pages\/398\/revisions"}],"predecessor-version":[{"id":581,"href":"https:\/\/lapsihoterapeut.ro\/index.php\/wp-json\/wp\/v2\/pages\/398\/revisions\/581"}],"wp:attachment":[{"href":"https:\/\/lapsihoterapeut.ro\/index.php\/wp-json\/wp\/v2\/media?parent=398"}],"curies":[{"name":"wp","href":"https:\/\/api.w.org\/{rel}","templated":true}]}}